{"id":3806,"date":"2021-02-13T01:36:15","date_gmt":"2021-02-13T01:36:15","guid":{"rendered":"https:\/\/fsgkaisten.ch\/wp\/?page_id=3806"},"modified":"2021-03-03T03:55:45","modified_gmt":"2021-03-03T03:55:45","slug":"impressum","status":"publish","type":"page","link":"https:\/\/fsgkaisten.ch\/wp\/impressum\/","title":{"rendered":"Impressum"},"content":{"rendered":"\t\t<div data-elementor-type=\"wp-page\" data-elementor-id=\"3806\" class=\"elementor elementor-3806\">\n\t\t\t\t\t\t<section class=\"elementor-section elementor-top-section elementor-element elementor-element-4bdd970c elementor-section-boxed elementor-section-height-default elementor-section-height-default\" data-id=\"4bdd970c\" data-element_type=\"section\">\n\t\t\t\t\t\t<div class=\"elementor-container elementor-column-gap-default\">\n\t\t\t\t\t<div class=\"elementor-column elementor-col-100 elementor-top-column elementor-element elementor-element-71ecb422\" data-id=\"71ecb422\" data-element_type=\"column\">\n\t\t\t<div class=\"elementor-widget-wrap elementor-element-populated\">\n\t\t\t\t\t\t<div class=\"elementor-element elementor-element-be95d74 elementor-widget elementor-widget-text-editor\" data-id=\"be95d74\" data-element_type=\"widget\" data-widget_type=\"text-editor.default\">\n\t\t\t\t<div class=\"elementor-widget-container\">\n\t\t\t\t\t\t\t\t\t<table style=\"border-collapse: collapse; width: 100%;\">\n<tbody>\n<tr>\n<td style=\"background-color: #0088bc; text-align: left;\" colspan=\"2\"><span style=\"font-family: arial, helvetica, sans-serif; font-size: 12pt; color: #ffffff;\"><strong>Webseitenbetreiber<\/strong><\/span><\/td>\n<\/tr>\n<tr>\n<td style=\"width: 50%; line-height: 1;\">\n<p style=\"text-align: left;\"><\/p>\n<\/td>\n<td style=\"width: 50%; line-height: 1;\"><span style=\"font-family: arial, helvetica, sans-serif; font-size: 12pt; color: #000000;\">Feldsch\u00fctzengesellschaft Kaisten<\/span><\/p>\n\n\n<span style=\"font-family: arial, helvetica, sans-serif; font-size: 12pt; color: #000000;\">Thomas Hermann<\/span><\/p>\n\n\n<span style=\"font-family: arial, helvetica, sans-serif; font-size: 12pt; color: #000000;\">R\u00fcttenenweg 12a<\/span><\/p>\n\n\n<span style=\"font-family: arial, helvetica, sans-serif; font-size: 12pt; color: #000000;\">CH-5082 Kaisten<\/span><\/p>\n\n\n<span style=\"font-family: arial, helvetica, sans-serif; font-size: 12pt; color: #000000;\">+41 (0)79 326&#8217;18&#8217;07<\/span><\/p>\n\n\n<span style=\"font-family: arial, helvetica, sans-serif; font-size: 12pt; color: #000000;\">info(at)fsgkaisten.ch<\/span><\/p>\n\n\n<span style=\"font-family: arial, helvetica, sans-serif; font-size: 12pt; color: #000000;\">https:\/\/www.fsgkaisten.ch<\/span><\/td>\n<\/tr>\n<tr>\n<td style=\"width: 100%; background-color: #0088bc; text-align: left;\" colspan=\"2\"><span style=\"font-family: arial, helvetica, sans-serif; font-size: 12pt; color: #ffffff;\"><strong>Haftungshinweis<\/strong><\/span><\/td>\n<\/tr>\n<tr>\n<td style=\"width: 50%; line-height: 1.7;\">\n<p style=\"text-align: left;\"><\/p>\n<\/td>\n<td style=\"width: 50%; line-height: 1.7;\">\n<p style=\"text-align: left;\"><span style=\"font-family: arial, helvetica, sans-serif; font-size: 12pt; color: #000000;\">Der Inhalt dieser Webseite wird mit gr\u00f6sstm\u00f6glicher Sorgfalt gepflegt. Trotzdem wird f\u00fcr den Inhalt keine Haftung \u00fcbernommen. Druckfehler, Irrt\u00fcmer und \u00c4nderungen vorbehalten. Der Inhalt ist urheberrechtlich gesch\u00fctzt.<\/span><\/p>\n<p style=\"text-align: left;\"><span style=\"font-family: arial, helvetica, sans-serif; font-size: 12pt; color: #000000;\">F\u00fcr die Inhalte externer Links \u00fcbernehmen wir keine Haftung. F\u00fcr den Inhalt der verlinkten Seiten sind ausschliesslich deren Betreiber verantwortlich.<\/span><\/p>\n<\/td>\n<\/tr>\n<tr>\n<td style=\"width: 100%; background-color: #0088bc; text-align: left;\" colspan=\"2\"><span style=\"font-family: arial, helvetica, sans-serif; font-size: 12pt; color: #ffffff;\"><strong>Quellenangaben<\/strong><\/span><\/td>\n<\/tr>\n<tr>\n<td style=\"width: 50%; line-height: 1.7;\">\n<p style=\"text-align: left;\"><\/p>\n<\/td>\n<td style=\"width: 50%; line-height: 1.7;\">\n<p style=\"text-align: left;\"><span style=\"font-family: arial, helvetica, sans-serif; font-size: 12pt; color: #000000;\">Die zus\u00e4tzlich verwendeten Bilder und Grafiken werden von <a title=\"kostenlose Icons...\" href=\"http:\/\/www.web-toolbox.net\" target=\"_blank\" rel=\"noopener\"><strong><span style=\"color: #0000ff;\">web-toolbox<\/span><\/strong><\/a>, kostenlos zum\nDownload und deren freien Verwendung bereitgestellt.\nF\u00fcr Private und Kommerzielle Webseiten ausdr\u00fccklich\ngestattet.<\/span><\/p>\n<\/td>\n<\/tr>\n<tr>\n<td style=\"width: 100%; background-color: #0088bc; text-align: left;\" colspan=\"2\"><span style=\"font-family: arial, helvetica, sans-serif; font-size: 12pt; color: #ffffff;\"><strong>Hosting &amp; Webspace<\/strong><\/span><\/td>\n<\/tr>\n<tr>\n<td style=\"width: 50%; line-height: 1.7;\">\n<p style=\"text-align: left;\"><\/p>\n<\/td>\n<td style=\"width: 50%; line-height: 1.7;\">\n<p style=\"text-align: left;\"><span style=\"font-family: arial, helvetica, sans-serif; font-size: 12pt; color: #000000;\">Diese Webseite l\u00e4uft auf: <a title=\"zum Webhosting\" href=\"https:\/\/www.cyon.ch\/\" target=\"_blank\" rel=\"noopener\"><strong><span style=\"color: #0000ff;\">cyon.ch<\/span><\/strong><\/a><\/span><\/p>\n<\/td>\n<\/tr>\n<tr>\n<td style=\"width: 100%; background-color: #0088bc; text-align: left;\" colspan=\"2\"><span style=\"font-family: arial, helvetica, sans-serif; font-size: 12pt; color: #ffffff;\"><strong>\u00a0Verwendetes CMS<\/strong><\/span><\/td>\n<\/tr>\n<tr>\n<td style=\"width: 50%; line-height: 1.7;\">\n<p style=\"text-align: left;\"><\/p>\n<\/td>\n<td style=\"width: 50%; line-height: 1.7;\">\n<p style=\"text-align: left;\"><span style=\"font-family: arial, helvetica, sans-serif; font-size: 12pt; color: #000000;\">Diese Webseite verwendet: <a title=\"zum CMS\" href=\"https:\/\/wordpress.com\/de\/\" target=\"_blank\" rel=\"noopener\"><strong><span style=\"color: #0000ff;\">WordPress<\/span><\/strong><\/a><\/span><\/p>\n<\/td>\n<\/tr>\n<tr>\n<td style=\"width: 100%; background-color: #0088bc; text-align: left;\" colspan=\"2\"><span style=\"font-family: arial, helvetica, sans-serif; font-size: 12pt; color: #ffffff;\"><strong>Webtemplate: Themes\n<\/strong><\/span><\/td>\n<\/tr>\n<tr>\n<td style=\"width: 50%; line-height: 1.7;\">\n<p style=\"text-align: left;\"><\/p>\n<\/td>\n<td style=\"width: 50%; line-height: 1.7;\">\n<p style=\"text-align: left;\"><span style=\"font-family: arial, helvetica, sans-serif; font-size: 12pt; color: #000000;\">Das eingesetzte Theme:<\/span><\/p>\n<p style=\"text-align: left;\"><span style=\"font-family: arial, helvetica, sans-serif; font-size: 12pt; color: #000000;\">&#8211; Kahuna\n&#8211; Ausf\u00fchrung: Ohne Copyright Hinweis des <a title=\"zum Themes\" href=\"https:\/\/wordpress.org\/themes\/author\/cryout-creations\/\" target=\"_blank\" rel=\"noopener\"><strong><span style=\"color: #0000ff;\">Designers<\/span><\/strong><\/a>\n<\/span><\/p>\n<\/td>\n<\/tr>\n<tr>\n<td style=\"width: 100%; background-color: #0088bc; text-align: left;\" colspan=\"2\"><span style=\"font-family: arial, helvetica, sans-serif; font-size: 12pt; color: #ffffff;\"><strong>Webtemplate: PlugIns\n<\/strong><\/span><\/td>\n<\/tr>\n<tr>\n<td style=\"width: 50%; line-height: 1.7;\">\n<p style=\"text-align: left;\"><\/p>\n<\/td>\n<td style=\"width: 50%; line-height: 1.7;\">\n<p style=\"text-align: left;\"><span style=\"font-family: arial, helvetica, sans-serif; font-size: 12pt; color: #000000;\">-Freie Plugins: Elementor, Theme Editor, MetaSlider&#8230;<\/span><\/p>\n-Lizenzierte Plugins: <a title=\"zum Plugins\" href=\"https:\/\/codecanyon.net\/item\/image-hover-effects-wordpress-plugin\/12386610\" target=\"_blank\" rel=\"noopener\"><strong><span style=\"color: #0000ff;\">Image Hover Effects-Pro<\/span><\/strong><\/a><\/p>\n\n\n-Lizenzierte Plugins: <span style=\"color: #0000ff;\"><a style=\"color: #0000ff;\" title=\"zum Plugins\" href=\"https:\/\/codecanyon.net\/item\/media-library-categories-premium\/6691290\" target=\"_blank\" rel=\"noopener\"><strong>wp-media-library-categories<\/strong><\/a><\/span><\/p>\n\n\n-Lizenzierte Plugins: <a title=\"zum Plugins\" href=\"https:\/\/backwpup.de\/\" target=\"_blank\" rel=\"noopener\"><strong><span style=\"color: #0000ff;\">BackWPup Pro-STANDARD<\/span><\/strong><\/a><\/p>\n\n\n-Lizenzierte Plugins: <a title=\"zum Plugins\" href=\"https:\/\/wordpress.org\/plugins\/text-slider-testimonial\/\" target=\"_blank\" rel=\"noopener\"><strong><span style=\"color: #0000ff;\">TextSlider-for-WP<\/span><\/strong><\/a><\/p>\n\n\n-Lizenzierte Plugins: <a title=\"zum Plugins\" href=\"https:\/\/www.themebanks.com\/download-karoslider\/\" target=\"_blank\" rel=\"noopener\"><strong><span style=\"color: #0000ff;\">Karoslider-for-WP<\/span><\/strong><\/a><\/td>\n<\/tr><\/p>\n\n<tr>\n<td style=\"width: 100%; background-color: #0088bc; text-align: left;\" colspan=\"2\"><span style=\"font-family: arial, helvetica, sans-serif; font-size: 12pt; color: #ffffff;\"><strong>Bildergalerie\n<\/strong><\/span><\/td>\n<\/tr>\n<tr>\n<td style=\"width: 50%; line-height: 1.7;\">\n<p style=\"text-align: left;\"><\/p>\n<\/td>\n<td style=\"width: 50%; line-height: 1.7;\">\n<p style=\"text-align: left;\"><span style=\"font-family: arial, helvetica, sans-serif; font-size: 12pt; color: #000000;\">Die eingesetzte Bildergalerie l\u00e4uft mit Lizenz auf:<\/p>\n\n<a title=\"zur Bildergalerie\" href=\"http:\/\/de.piwigo.com\/\" target=\"_blank\" rel=\"noopener\"><strong><span style=\"color: #0000ff;\">piwigo.com<\/span><\/strong><\/a><\/span><\/p>\n<\/td>\n<\/tr>\n<tr>\n<td style=\"width: 100%; background-color: #0088bc; text-align: left;\" colspan=\"2\"><span style=\"font-family: arial, helvetica, sans-serif; font-size: 12pt; color: #ffffff;\"><strong>Vermietungskalender\n<\/strong><\/span><\/td><\/p>\n\n<\/tr>\n<tr>\n<td style=\"width: 50%; line-height: 1.7;\">\n<p style=\"text-align: left;\"><\/p>\n<\/td>\n<td style=\"width: 50%; line-height: 1.7;\">\n<p style=\"text-align: left;\"><span style=\"font-family: arial, helvetica, sans-serif; font-size: 12pt; color: #000000;\">Der eingesetzte Vermietungskalender l\u00e4uft bei:<\/p>\n\n<a title=\"zum Online Kalender\" href=\"https:\/\/kalender.digital\" target=\"_blank\" rel=\"noopener\"><strong><span style=\"color: #0000ff;\">Online Kalender<\/span><\/strong><\/a><\/span><\/p>\n<\/td>\n<\/tr>\n<tr>\n<td style=\"width: 100%; background-color: #0088bc; text-align: left;\" colspan=\"2\"><span style=\"font-family: arial, helvetica, sans-serif; font-size: 12pt; color: #ffffff;\"><strong>Web@reator\n<\/strong><\/span><\/td>\n<\/tr>\n<tr>\n<td style=\"width: 50%; line-height: 1.7;\">\n<p style=\"text-align: left;\"><\/p>\n<\/td>\n<td style=\"width: 50%; line-height: 1.7;\">\n<p style=\"text-align: left;\"><span style=\"font-family: arial, helvetica, sans-serif; font-size: 12pt; color: #000000;\">H-N\u00e4f, Informatik, Leimgrund 7, CH-5082 Kaisten\n<a title=\"zur Bildergalerie\" href=\"https:\/\/www.hnweb.ch\" target=\"_blank\" rel=\"noopener\"><strong><span style=\"color: #0000ff;\">hnweb.ch<\/span><\/strong><\/a><\/span><\/p>\n<\/td>\n<\/tr>\n<tr>\n<td style=\"width: 100%; background-color: #0088bc; text-align: left;\" colspan=\"2\"><span style=\"font-family: arial, helvetica, sans-serif; font-size: 12pt; color: #ffffff;\"><strong>\u00a0<\/strong><\/span><\/td>\n<\/tr>\n<\/tbody>\n<\/table>\t\t\t\t\t\t\t\t<\/div>\n\t\t\t\t<\/div>\n\t\t\t\t\t<\/div>\n\t\t<\/div>\n\t\t\t\t\t<\/div>\n\t\t<\/section>\n\t\t\t\t<\/div>\n\t\t","protected":false},"excerpt":{"rendered":"<p>Webseitenbetreiber Feldsch\u00fctzengesellschaft Kaisten Thomas Hermann R\u00fcttenenweg 12a CH-5082 Kaisten +41 (0)79 326&#8217;18&#8217;07 info(at)fsgkaisten.ch https:\/\/www.fsgkaisten.ch Haftungshinweis Der Inhalt dieser Webseite wird mit gr\u00f6sstm\u00f6glicher Sorgfalt gepflegt. Trotzdem wird f\u00fcr den Inhalt keine Haftung \u00fcbernommen. Druckfehler, Irrt\u00fcmer und \u00c4nderungen vorbehalten. Der Inhalt ist urheberrechtlich gesch\u00fctzt. F\u00fcr die Inhalte externer Links \u00fcbernehmen wir keine &hellip;<\/p>\n","protected":false},"author":1,"featured_media":0,"parent":0,"menu_order":55,"comment_status":"closed","ping_status":"closed","template":"","meta":{"footnotes":""},"class_list":["post-3806","page","type-page","status-publish","hentry"],"_links":{"self":[{"href":"https:\/\/fsgkaisten.ch\/wp\/wp-json\/wp\/v2\/pages\/3806","targetHints":{"allow":["GET"]}}],"collection":[{"href":"https:\/\/fsgkaisten.ch\/wp\/wp-json\/wp\/v2\/pages"}],"about":[{"href":"https:\/\/fsgkaisten.ch\/wp\/wp-json\/wp\/v2\/types\/page"}],"author":[{"embeddable":true,"href":"https:\/\/fsgkaisten.ch\/wp\/wp-json\/wp\/v2\/users\/1"}],"replies":[{"embeddable":true,"href":"https:\/\/fsgkaisten.ch\/wp\/wp-json\/wp\/v2\/comments?post=3806"}],"version-history":[{"count":167,"href":"https:\/\/fsgkaisten.ch\/wp\/wp-json\/wp\/v2\/pages\/3806\/revisions"}],"predecessor-version":[{"id":5274,"href":"https:\/\/fsgkaisten.ch\/wp\/wp-json\/wp\/v2\/pages\/3806\/revisions\/5274"}],"wp:attachment":[{"href":"https:\/\/fsgkaisten.ch\/wp\/wp-json\/wp\/v2\/media?parent=3806"}],"curies":[{"name":"wp","href":"https:\/\/api.w.org\/{rel}","templated":true}]}}